{"id":6,"date":"2024-04-10T18:39:29","date_gmt":"2024-04-10T16:39:29","guid":{"rendered":"http:\/\/liste-attente.simon-conseil.fr\/?page_id=2"},"modified":"2025-09-09T10:25:25","modified_gmt":"2025-09-09T08:25:25","slug":"page-d-exemple-2","status":"publish","type":"page","link":"https:\/\/liste-attente.simon-conseil.fr\/index.php\/page-d-exemple-2\/","title":{"rendered":"Page d\u2019exemple"},"content":{"rendered":"\n<div class=\"wp-block-columns is-layout-flex wp-container-core-columns-is-layout-9d6595d7 wp-block-columns-is-layout-flex\">\n<div class=\"wp-block-column is-layout-flow wp-block-column-is-layout-flow\" style=\"flex-basis:66.66%\">\n<p>Bonjour,<\/p>\n\n\n\n<p class=\"has-vivid-cyan-blue-color has-text-color has-link-color wp-elements-279372fb8f57ad0ed43a50e02220c846\"><strong>Bienvenue sur la page d&#8217;accueil de la liste d&#8217;attente&nbsp;de Mme Val\u00e9rie SIMON, orthophoniste.<\/strong><\/p>\n\n\n\n<p>Le nombre de demandes \u00e9tant tr\u00e8s important, je vous propose de vous inscrire en suivant le processus en ligne. Vos r\u00e9ponses me&nbsp;permettront d&#8217;avoir une id\u00e9e plus pr\u00e9cise des difficult\u00e9s qui vous am\u00e8nent \u00e0 me&nbsp;contacter.<\/p>\n\n\n\n<p>Dans le cas d&#8217;une attente prolong\u00e9e, le logiciel vous enverra un email tous les 6&nbsp;mois pour vous demander de&nbsp;confirmer votre demande.<\/p>\n\n\n\n<p>Pour effectuer un&nbsp;bilan orthophonique, il vous sera demand\u00e9 une<strong>&nbsp;<u>ordonnance de moins de 12 mois du m\u00e9decin<\/u><\/strong>&nbsp;traitant, ou autre&nbsp; prescripteur (ex: ORL) stipulant :&nbsp;<em>&#8220;Bilan orthophonique et r\u00e9\u00e9ducation si n\u00e9cessaire&#8221;.<\/em><\/p>\n\n\n\n<p>En attendant votre RDV, vous pourrez trouver des&nbsp;<strong>conseils<\/strong>&nbsp;pour aider votre enfant ou votre proche sur les sites internet&nbsp;<a href=\"https:\/\/www.allo-ortho.com\/\">allo-ortho.com<\/a>&nbsp;et&nbsp;<a href=\"https:\/\/oralite-alimentaire.fr\/\">oralite-alimentaire.fr<\/a>.<\/p>\n\n\n\n<p><br>Je reviendrai vers vous d\u00e8s que possible,<\/p>\n\n\n\n<p><br>Merci pour&nbsp;votre compr\u00e9hension.<\/p>\n\n\n\n<p>Val\u00e9rie SIMON<\/p>\n\n\n\n<p><\/p>\n<\/div>\n\n\n\n<div class=\"wp-block-column is-layout-flow wp-block-column-is-layout-flow\" style=\"flex-basis:33.33%\">\n<h4 class=\"wp-block-heading\">Liste d&#8217;attente<\/h4>\n\n\n\n<hr class=\"wp-block-separator has-alpha-channel-opacity\"\/>\n\n\n\n<figure class=\"wp-block-image is-resized is-style-default\"><img decoding=\"async\" src=\"https:\/\/perfactive.fr\/images\/default\/admin_f.svg\" alt=\"Lucille Poncet-Levitre\" style=\"object-fit:contain;width:50px;height:50px\"\/><\/figure>\n\n\n\n<p>Val\u00e9rie SIMON<br>Orthophoniste<\/p>\n<\/div>\n<\/div>\n\n\n\n<h3 class=\"wp-block-heading\">Inscription<\/h3>\n\n\n\n<hr class=\"wp-block-separator has-alpha-channel-opacity\"\/>\n\n\n\n<p class=\"has-vivid-cyan-blue-color has-text-color has-link-color wp-elements-71ae8853072887e37bf3a87bca02e325\"><strong>Motifs<br><a href=\"https:\/\/liste-attente.simon-conseil.fr\/index.php\/page-d-exemple-2\/sous-page\/\" data-type=\"page\" data-id=\"1630\" target=\"_blank\" rel=\"noreferrer noopener\">Consultation enfant<\/a><\/strong><\/p>\n\n\n\n<p class=\"has-vivid-cyan-blue-color has-text-color has-link-color wp-elements-8c9b3e68f3467c738928647c42523ed9\"><strong>Consultation adultes:<\/strong><\/p>\n\n\n\n<div class=\"wpcf7 no-js\" id=\"wpcf7-f1638-o1\" lang=\"fr-FR\" dir=\"ltr\" data-wpcf7-id=\"1638\">\n<div class=\"screen-reader-response\"><p role=\"status\" aria-live=\"polite\" aria-atomic=\"true\"><\/p> <ul><\/ul><\/div>\n<form action=\"\/index.php\/wp-json\/wp\/v2\/pages\/6#wpcf7-f1638-o1\" method=\"post\" class=\"wpcf7-form init\" aria-label=\"Formulaire de contact\" novalidate=\"novalidate\" data-status=\"init\">\n<fieldset class=\"hidden-fields-container\"><input type=\"hidden\" name=\"_wpcf7\" value=\"1638\" \/><input type=\"hidden\" name=\"_wpcf7_version\" value=\"6.1.5\" \/><input type=\"hidden\" name=\"_wpcf7_locale\" value=\"fr_FR\" \/><input type=\"hidden\" name=\"_wpcf7_unit_tag\" value=\"wpcf7-f1638-o1\" \/><input type=\"hidden\" name=\"_wpcf7_container_post\" value=\"0\" \/><input type=\"hidden\" name=\"_wpcf7_posted_data_hash\" value=\"\" \/><input type=\"hidden\" name=\"_wpcf7_recaptcha_response\" value=\"\" \/>\n<\/fieldset>\n<p><span class=\"wpcf7-form-control-wrap\" data-name=\"select-749\"><select class=\"wpcf7-form-control wpcf7-select\" aria-invalid=\"false\" name=\"select-749\"><option value=\"B\u00e9gaiement\">B\u00e9gaiement<\/option><option value=\"Autisme, handicap, syndrome g\u00e9n\u00e9tique\">Autisme, handicap, syndrome g\u00e9n\u00e9tique<\/option><option value=\"Surdit\u00e9\">Surdit\u00e9<\/option><option value=\"Voix : dysphonie\">Voix : dysphonie<\/option><option value=\"Neurologie : traumatique (trauma cr\u00e2nien, AVC, etc.)\">Neurologie : traumatique (trauma cr\u00e2nien, AVC, etc.)<\/option><option value=\"Neurologie : d\u00e9clin cognitif ou maladie neurod\u00e9g\u00e9n\u00e9rative\">Neurologie : d\u00e9clin cognitif ou maladie neurod\u00e9g\u00e9n\u00e9rative<\/option><option value=\"D\u00e9glutition : dysphagie\">D\u00e9glutition : dysphagie<\/option><option value=\"D\u00e9glutition : orthodontie, apn\u00e9es du sommeil, etc.\">D\u00e9glutition : orthodontie, apn\u00e9es du sommeil, etc.<\/option><option value=\"Post-canc\u00e9rologie : chirurgie, radioth\u00e9rapie, etc.\">Post-canc\u00e9rologie : chirurgie, radioth\u00e9rapie, etc.<\/option><option value=\"Le motif de ma demande ne figure pas dans la liste\">Le motif de ma demande ne figure pas dans la liste<\/option><\/select><\/span>\n<\/p><input type='hidden' class='wpcf7-pum' value='{\"closepopup\":false,\"closedelay\":0,\"openpopup\":false,\"openpopup_id\":0}' \/><div class=\"wpcf7-response-output\" aria-hidden=\"true\"><\/div>\n<\/form>\n<\/div>\n\n\n\n\n<p class=\"has-text-align-center\"><a href=\"https:\/\/liste-attente.simon-conseil.fr\/index.php\/page-d-exemple-2\/sous-page\/\" data-type=\"page\" data-id=\"1630\" target=\"_blank\" rel=\"noreferrer noopener\">Page suivante<\/a><\/p>\n\n\n\n<p><\/p>\n","protected":false},"excerpt":{"rendered":"<p>Bonjour, Bienvenue sur la page d&#8217;accueil de la liste d&#8217;attente&nbsp;de Mme Val\u00e9rie SIMON, orthophoniste. Le nombre de demandes \u00e9tant tr\u00e8s important, je vous propose de vous inscrire en suivant le processus en ligne. Vos r\u00e9ponses me&nbsp;permettront d&#8217;avoir une id\u00e9e plus pr\u00e9cise des difficult\u00e9s qui vous am\u00e8nent \u00e0 me&nbsp;contacter. Dans le cas d&#8217;une attente prolong\u00e9e, le [&hellip;]<\/p>\n","protected":false},"author":1,"featured_media":0,"parent":0,"menu_order":0,"comment_status":"closed","ping_status":"open","template":"","meta":{"footnotes":""},"class_list":["post-6","page","type-page","status-publish","hentry"],"_links":{"self":[{"href":"https:\/\/liste-attente.simon-conseil.fr\/index.php\/wp-json\/wp\/v2\/pages\/6","targetHints":{"allow":["GET"]}}],"collection":[{"href":"https:\/\/liste-attente.simon-conseil.fr\/index.php\/wp-json\/wp\/v2\/pages"}],"about":[{"href":"https:\/\/liste-attente.simon-conseil.fr\/index.php\/wp-json\/wp\/v2\/types\/page"}],"author":[{"embeddable":true,"href":"https:\/\/liste-attente.simon-conseil.fr\/index.php\/wp-json\/wp\/v2\/users\/1"}],"replies":[{"embeddable":true,"href":"https:\/\/liste-attente.simon-conseil.fr\/index.php\/wp-json\/wp\/v2\/comments?post=6"}],"version-history":[{"count":20,"href":"https:\/\/liste-attente.simon-conseil.fr\/index.php\/wp-json\/wp\/v2\/pages\/6\/revisions"}],"predecessor-version":[{"id":1648,"href":"https:\/\/liste-attente.simon-conseil.fr\/index.php\/wp-json\/wp\/v2\/pages\/6\/revisions\/1648"}],"wp:attachment":[{"href":"https:\/\/liste-attente.simon-conseil.fr\/index.php\/wp-json\/wp\/v2\/media?parent=6"}],"curies":[{"name":"wp","href":"https:\/\/api.w.org\/{rel}","templated":true}]}}